{"id":11,"date":"2021-03-17T15:52:18","date_gmt":"2021-03-17T14:52:18","guid":{"rendered":"http:\/\/evodiepelce.com\/?page_id=11"},"modified":"2021-06-27T19:55:46","modified_gmt":"2021-06-27T17:55:46","slug":"reels-bandedemo-evodiepelce","status":"publish","type":"page","link":"https:\/\/evodiepelce.com\/index.php\/reels-bandedemo-evodiepelce\/","title":{"rendered":"D\u00e9mo Actrice"},"content":{"rendered":"\n<figure class=\"wp-block-embed is-type-video is-provider-vimeo wp-block-embed-vimeo wp-embed-aspect-16-9 wp-has-aspect-ratio\"><div class=\"wp-block-embed__wrapper\">\n<iframe loading=\"lazy\" title=\"Bande d&amp;eacute;mo Evodie Pelc&amp;eacute;\" src=\"https:\/\/player.vimeo.com\/video\/487246643?dnt=1&amp;app_id=122963\" width=\"920\" height=\"518\" frameborder=\"0\" allow=\"autoplay; fullscreen; picture-in-picture\" allowfullscreen><\/iframe>\n<\/div><\/figure>\n\n\n\n<p><\/p>\n","protected":false},"excerpt":{"rendered":"","protected":false},"author":2,"featured_media":0,"parent":0,"menu_order":0,"comment_status":"closed","ping_status":"closed","template":"","meta":{"footnotes":""},"class_list":["post-11","page","type-page","status-publish","hentry"],"yoast_head":"<!-- This site is optimized with the Yoast SEO plugin v27.5 - https:\/\/yoast.com\/product\/yoast-seo-wordpress\/ -->\n<title>D\u00e9mo Actrice -<\/title>\n<meta name=\"description\" content=\"Reel- Bande d\u00e9mo de l&#039;actrice Evodie Pelc\u00e9. La vid\u00e9o est disponible sur son site evodiepelce.com ou sur sa page vim\u00e9o\" \/>\n<meta name=\"robots\" content=\"index, follow, max-snippet:-1, max-image-preview:large, max-video-preview:-1\" \/>\n<link rel=\"canonical\" href=\"https:\/\/evodiepelce.com\/index.php\/reels-bandedemo-evodiepelce\/\" \/>\n<meta property=\"og:locale\" content=\"fr_FR\" \/>\n<meta property=\"og:type\" content=\"article\" \/>\n<meta property=\"og:title\" content=\"D\u00e9mo Actrice -\" \/>\n<meta property=\"og:description\" content=\"Reel- Bande d\u00e9mo de l&#039;actrice Evodie Pelc\u00e9. La vid\u00e9o est disponible sur son site evodiepelce.com ou sur sa page vim\u00e9o\" \/>\n<meta property=\"og:url\" content=\"https:\/\/evodiepelce.com\/index.php\/reels-bandedemo-evodiepelce\/\" \/>\n<meta property=\"article:modified_time\" content=\"2021-06-27T17:55:46+00:00\" \/>\n<meta name=\"twitter:card\" content=\"summary_large_image\" \/>\n<meta name=\"twitter:label1\" content=\"Dur\u00e9e de lecture estim\u00e9e\" \/>\n\t<meta name=\"twitter:data1\" content=\"1 minute\" \/>\n<script type=\"application\/ld+json\" class=\"yoast-schema-graph\">{\"@context\":\"https:\\\/\\\/schema.org\",\"@graph\":[{\"@type\":\"WebPage\",\"@id\":\"https:\\\/\\\/evodiepelce.com\\\/index.php\\\/reels-bandedemo-evodiepelce\\\/\",\"url\":\"https:\\\/\\\/evodiepelce.com\\\/index.php\\\/reels-bandedemo-evodiepelce\\\/\",\"name\":\"D\u00e9mo Actrice -\",\"isPartOf\":{\"@id\":\"https:\\\/\\\/evodiepelce.com\\\/#website\"},\"datePublished\":\"2021-03-17T14:52:18+00:00\",\"dateModified\":\"2021-06-27T17:55:46+00:00\",\"description\":\"Reel- Bande d\u00e9mo de l'actrice Evodie Pelc\u00e9. La vid\u00e9o est disponible sur son site evodiepelce.com ou sur sa page vim\u00e9o\",\"breadcrumb\":{\"@id\":\"https:\\\/\\\/evodiepelce.com\\\/index.php\\\/reels-bandedemo-evodiepelce\\\/#breadcrumb\"},\"inLanguage\":\"fr-FR\",\"potentialAction\":[{\"@type\":\"ReadAction\",\"target\":[\"https:\\\/\\\/evodiepelce.com\\\/index.php\\\/reels-bandedemo-evodiepelce\\\/\"]}]},{\"@type\":\"BreadcrumbList\",\"@id\":\"https:\\\/\\\/evodiepelce.com\\\/index.php\\\/reels-bandedemo-evodiepelce\\\/#breadcrumb\",\"itemListElement\":[{\"@type\":\"ListItem\",\"position\":1,\"name\":\"Accueil\",\"item\":\"https:\\\/\\\/evodiepelce.com\\\/\"},{\"@type\":\"ListItem\",\"position\":2,\"name\":\"D\u00e9mo Actrice\"}]},{\"@type\":\"WebSite\",\"@id\":\"https:\\\/\\\/evodiepelce.com\\\/#website\",\"url\":\"https:\\\/\\\/evodiepelce.com\\\/\",\"name\":\"\",\"description\":\"\",\"potentialAction\":[{\"@type\":\"SearchAction\",\"target\":{\"@type\":\"EntryPoint\",\"urlTemplate\":\"https:\\\/\\\/evodiepelce.com\\\/?s={search_term_string}\"},\"query-input\":{\"@type\":\"PropertyValueSpecification\",\"valueRequired\":true,\"valueName\":\"search_term_string\"}}],\"inLanguage\":\"fr-FR\"}]}<\/script>\n<!-- \/ Yoast SEO plugin. -->","yoast_head_json":{"title":"D\u00e9mo Actrice -","description":"Reel- Bande d\u00e9mo de l'actrice Evodie Pelc\u00e9. La vid\u00e9o est disponible sur son site evodiepelce.com ou sur sa page vim\u00e9o","robots":{"index":"index","follow":"follow","max-snippet":"max-snippet:-1","max-image-preview":"max-image-preview:large","max-video-preview":"max-video-preview:-1"},"canonical":"https:\/\/evodiepelce.com\/index.php\/reels-bandedemo-evodiepelce\/","og_locale":"fr_FR","og_type":"article","og_title":"D\u00e9mo Actrice -","og_description":"Reel- Bande d\u00e9mo de l'actrice Evodie Pelc\u00e9. La vid\u00e9o est disponible sur son site evodiepelce.com ou sur sa page vim\u00e9o","og_url":"https:\/\/evodiepelce.com\/index.php\/reels-bandedemo-evodiepelce\/","article_modified_time":"2021-06-27T17:55:46+00:00","twitter_card":"summary_large_image","twitter_misc":{"Dur\u00e9e de lecture estim\u00e9e":"1 minute"},"schema":{"@context":"https:\/\/schema.org","@graph":[{"@type":"WebPage","@id":"https:\/\/evodiepelce.com\/index.php\/reels-bandedemo-evodiepelce\/","url":"https:\/\/evodiepelce.com\/index.php\/reels-bandedemo-evodiepelce\/","name":"D\u00e9mo Actrice -","isPartOf":{"@id":"https:\/\/evodiepelce.com\/#website"},"datePublished":"2021-03-17T14:52:18+00:00","dateModified":"2021-06-27T17:55:46+00:00","description":"Reel- Bande d\u00e9mo de l'actrice Evodie Pelc\u00e9. La vid\u00e9o est disponible sur son site evodiepelce.com ou sur sa page vim\u00e9o","breadcrumb":{"@id":"https:\/\/evodiepelce.com\/index.php\/reels-bandedemo-evodiepelce\/#breadcrumb"},"inLanguage":"fr-FR","potentialAction":[{"@type":"ReadAction","target":["https:\/\/evodiepelce.com\/index.php\/reels-bandedemo-evodiepelce\/"]}]},{"@type":"BreadcrumbList","@id":"https:\/\/evodiepelce.com\/index.php\/reels-bandedemo-evodiepelce\/#breadcrumb","itemListElement":[{"@type":"ListItem","position":1,"name":"Accueil","item":"https:\/\/evodiepelce.com\/"},{"@type":"ListItem","position":2,"name":"D\u00e9mo Actrice"}]},{"@type":"WebSite","@id":"https:\/\/evodiepelce.com\/#website","url":"https:\/\/evodiepelce.com\/","name":"","description":"","potentialAction":[{"@type":"SearchAction","target":{"@type":"EntryPoint","urlTemplate":"https:\/\/evodiepelce.com\/?s={search_term_string}"},"query-input":{"@type":"PropertyValueSpecification","valueRequired":true,"valueName":"search_term_string"}}],"inLanguage":"fr-FR"}]}},"_links":{"self":[{"href":"https:\/\/evodiepelce.com\/index.php\/wp-json\/wp\/v2\/pages\/11","targetHints":{"allow":["GET"]}}],"collection":[{"href":"https:\/\/evodiepelce.com\/index.php\/wp-json\/wp\/v2\/pages"}],"about":[{"href":"https:\/\/evodiepelce.com\/index.php\/wp-json\/wp\/v2\/types\/page"}],"author":[{"embeddable":true,"href":"https:\/\/evodiepelce.com\/index.php\/wp-json\/wp\/v2\/users\/2"}],"replies":[{"embeddable":true,"href":"https:\/\/evodiepelce.com\/index.php\/wp-json\/wp\/v2\/comments?post=11"}],"version-history":[{"count":13,"href":"https:\/\/evodiepelce.com\/index.php\/wp-json\/wp\/v2\/pages\/11\/revisions"}],"predecessor-version":[{"id":468,"href":"https:\/\/evodiepelce.com\/index.php\/wp-json\/wp\/v2\/pages\/11\/revisions\/468"}],"wp:attachment":[{"href":"https:\/\/evodiepelce.com\/index.php\/wp-json\/wp\/v2\/media?parent=11"}],"curies":[{"name":"wp","href":"https:\/\/api.w.org\/{rel}","templated":true}]}}